{"id":2261,"date":"2015-03-12T16:17:44","date_gmt":"2015-03-12T16:17:44","guid":{"rendered":"http:\/\/demo-content.kaliumtheme.com\/architecture\/?page_id=2261"},"modified":"2025-10-09T11:00:22","modified_gmt":"2025-10-09T11:00:22","slug":"kontakt","status":"publish","type":"page","link":"https:\/\/www.arw.cz\/index.php\/kontakt\/","title":{"rendered":"Kontakt"},"content":{"rendered":"<h3>Kontaktujte n\u00e1s<\/h3>\n<p>Kontaktujte n\u00e1s na<br \/>\n<strong><a href=\"mailto:info@arw.cz\">info@arw.cz<\/a><\/strong><\/p>\n<p>T\u011b\u0161\u00edme se na Va\u0161i zpr\u00e1vu.<\/p>\n","protected":false},"excerpt":{"rendered":"<p>Kontaktujte n\u00e1s Kontaktujte n\u00e1s na info@arw.cz T\u011b\u0161\u00edme se na Va\u0161i zpr\u00e1vu.<\/p>\n","protected":false},"author":1,"featured_media":0,"parent":0,"menu_order":0,"comment_status":"open","ping_status":"open","template":"","meta":{"footnotes":""},"class_list":["post-2261","page","type-page","status-publish","hentry"],"_links":{"self":[{"href":"https:\/\/www.arw.cz\/index.php\/wp-json\/wp\/v2\/pages\/2261","targetHints":{"allow":["GET"]}}],"collection":[{"href":"https:\/\/www.arw.cz\/index.php\/wp-json\/wp\/v2\/pages"}],"about":[{"href":"https:\/\/www.arw.cz\/index.php\/wp-json\/wp\/v2\/types\/page"}],"author":[{"embeddable":true,"href":"https:\/\/www.arw.cz\/index.php\/wp-json\/wp\/v2\/users\/1"}],"replies":[{"embeddable":true,"href":"https:\/\/www.arw.cz\/index.php\/wp-json\/wp\/v2\/comments?post=2261"}],"version-history":[{"count":5,"href":"https:\/\/www.arw.cz\/index.php\/wp-json\/wp\/v2\/pages\/2261\/revisions"}],"predecessor-version":[{"id":3866,"href":"https:\/\/www.arw.cz\/index.php\/wp-json\/wp\/v2\/pages\/2261\/revisions\/3866"}],"wp:attachment":[{"href":"https:\/\/www.arw.cz\/index.php\/wp-json\/wp\/v2\/media?parent=2261"}],"curies":[{"name":"wp","href":"https:\/\/api.w.org\/{rel}","templated":true}]}}